{"id":53444,"date":"2015-08-27T07:00:56","date_gmt":"2015-08-27T05:00:56","guid":{"rendered":"https:\/\/aicolympic.org\/iscrizione\/vantaggi-delliscrizione\/"},"modified":"2015-08-27T07:00:56","modified_gmt":"2015-08-27T05:00:56","slug":"vantaggi-delliscrizione","status":"publish","type":"page","link":"https:\/\/aicolympic.org\/it\/iscrizione\/vantaggi-delliscrizione\/","title":{"rendered":"Vantaggi dell&#8217;iscrizione"},"content":{"rendered":"<h2>AICO AIUTA IL TUO CLUB A ESPANDERE LE PROPRIE OPPORTUNIT\u00c0 ALL&#8217;INTERNO DELLA COMUNIT\u00c0 DEL COLLEZIONISMO OLIMPICO<\/h2>\n<p>L&#8217;AICO \u00e8 un&#8217;associazione di club di collezionisti olimpici che beneficiano del suo status di Organizzazione Riconosciuta dal Comitato Olimpico Internazionale&gt;.<\/p>\n<h3>Cosa significa questo per i club di raccolta che si uniscono al team AICO?<\/h3>\n<ul>\n<li>  Aumento della statura nella comunit\u00e0 internazionale del collezionismo olimpico;<\/li>\n<li>  Rafforzamento dei legami con il tuo Comitato Olimpico Nazionale;<\/li>\n<li>  Espansione dell&#8217;appello per attrarre nuovi membri individuali;<\/li>\n<li>Opportunit\u00e0 di condividere risorse e materiali di riferimento con altri collezionisti olimpici;<\/li>\n<li>Accedere ai finanziamenti del CIO per progetti speciali;<\/li>\n<li>Nominare i rappresentanti del Consiglio Direttivo e dei Comitati AICO;<\/li>\n<li>Guidare lo sviluppo futuro del movimento del collezionismo olimpico;<\/li>\n<li>Idoneit\u00e0 a ospitare eventi di collezionismo olimpico con il patrocinio dell&#8217;AICO.<\/li>\n<\/ul>\n<p>Iscrivendosi all&#8217;AICO, il tuo club diventa membro della confraternita internazionale dei collezionisti olimpici con migliaia di appassionati in tutto il mondo, dando ai tuoi soci l&#8217;accesso a un&#8217;ampia biblioteca di informazioni per accrescere le loro conoscenze e affinare le loro abilit\u00e0 collezionistiche nei settori della filatelia olimpica, della numismatica, delle spille e dei memorabilia. L&#8217;AICO fornisce e gestisce la piattaforma elettronica, mentre i suoi membri, lavorando insieme, forniscono i contenuti.<\/p>\n<h3>I vantaggi per i singoli collezionisti e i club di collezionisti includono:<\/h3>\n<ul>\n<li>Informazioni di base e avanzate sul collezionismo olimpico;<\/li>\n<li>Gli ultimi sviluppi internazionali;<\/li>\n<li>Gruppi di studio sulla storia e la cultura olimpica in relazione agli oggetti da collezione;<\/li>\n<li>Materiale di riferimento importante e verificato;<\/li>\n<li>Accesso alle pubblicazioni AICO (elettroniche e cartacee);<\/li>\n<li>Contatta gli esperti di collezionismo olimpico;<\/li>\n<li>Accesso a souvenir esclusivi;<\/li>\n<li>Sviluppare o rafforzare il potenziale per esporre e concorrere ai premi;<\/li>\n<li>Partecipa agli eventi internazionali dei collezionisti olimpici;<\/li>\n<li>Social network.<\/li>\n<\/ul>\n<p>Le persone interessate a saperne di pi\u00f9 sul collezionismo olimpico sono incoraggiate a unirsi a uno dei numerosi <a href=\"https:\/\/aicolympic.org\/it\/iscrizione\/membri-attuali\/\">club membri<\/a> in tutto il mondo. Se non hai un club nel tuo paese, iscriviti a uno di quelli presenti nell&#8217;ampio elenco: la maggior parte dei club \u00e8 internazionale.<\/p>\n<p>Se il tuo club non \u00e8 ancora membro, ci auguriamo che ti iscriva all&#8217;AICO. I criteri per l&#8217;adesione e la domanda di pre-adesione sono disponibili per tua comodit\u00e0.<\/p>\n","protected":false},"excerpt":{"rendered":"<p>AICO AIUTA IL TUO CLUB A ESPANDERE LE PROPRIE OPPORTUNIT\u00c0 ALL&#8217;INTERNO DELLA COMUNIT\u00c0 DEL COLLEZIONISMO OLIMPICO L&#8217;AICO \u00e8 un&#8217;associazione di club di collezionisti olimpici che beneficiano del suo status di Organizzazione Riconosciuta dal Comitato Olimpico Internazionale&gt;. Cosa significa questo per i club di raccolta che si uniscono al team AICO? Aumento della statura nella comunit\u00e0 [&hellip;]<\/p>\n","protected":false},"author":8,"featured_media":0,"parent":53424,"menu_order":37,"comment_status":"closed","ping_status":"closed","template":"templates\/page-sidebar-template.php","meta":{"_acf_changed":false,"_relevanssi_hide_post":"","_relevanssi_hide_content":"","_relevanssi_pin_for_all":"","_relevanssi_pin_keywords":"","_relevanssi_unpin_keywords":"","_relevanssi_related_keywords":"","_relevanssi_related_include_ids":"","_relevanssi_related_exclude_ids":"","_relevanssi_related_no_append":"","_relevanssi_related_not_related":"","_relevanssi_related_posts":"","_relevanssi_noindex_reason":"","_monsterinsights_skip_tracking":false,"_monsterinsights_sitenote_active":false,"_monsterinsights_sitenote_note":"","_monsterinsights_sitenote_category":0,"footnotes":"","_links_to":"","_links_to_target":""},"class_list":["post-53444","page","type-page","status-publish","hentry"],"acf":[],"yoast_head":"<!-- This site is optimized with the Yoast SEO plugin v27.4 - https:\/\/yoast.com\/product\/yoast-seo-wordpress\/ -->\n<title>Vantaggi dell&#039;iscrizione - AICO<\/title>\n<meta name=\"robots\" content=\"index, follow, max-snippet:-1, max-image-preview:large, max-video-preview:-1\" \/>\n<link rel=\"canonical\" href=\"https:\/\/aicolympic.org\/iscrizione\/vantaggi-delliscrizione\/\" \/>\n<meta property=\"og:locale\" content=\"it_IT\" \/>\n<meta property=\"og:type\" content=\"article\" \/>\n<meta property=\"og:title\" content=\"Vantaggi dell&#039;iscrizione - AICO\" \/>\n<meta property=\"og:description\" content=\"AICO AIUTA IL TUO CLUB A ESPANDERE LE PROPRIE OPPORTUNIT\u00c0 ALL&#8217;INTERNO DELLA COMUNIT\u00c0 DEL COLLEZIONISMO OLIMPICO L&#8217;AICO \u00e8 un&#8217;associazione di club di collezionisti olimpici che beneficiano del suo status di Organizzazione Riconosciuta dal Comitato Olimpico Internazionale&gt;. Cosa significa questo per i club di raccolta che si uniscono al team AICO? Aumento della statura nella comunit\u00e0 [&hellip;]\" \/>\n<meta property=\"og:url\" content=\"https:\/\/aicolympic.org\/iscrizione\/vantaggi-delliscrizione\/\" \/>\n<meta property=\"og:site_name\" content=\"AICO\" \/>\n<meta name=\"twitter:card\" content=\"summary_large_image\" \/>\n<meta name=\"twitter:label1\" content=\"Tempo di lettura stimato\" \/>\n\t<meta name=\"twitter:data1\" content=\"2 minuti\" \/>\n<script type=\"application\/ld+json\" class=\"yoast-schema-graph\">{\"@context\":\"https:\\\/\\\/schema.org\",\"@graph\":[{\"@type\":\"WebPage\",\"@id\":\"https:\\\/\\\/aicolympic.org\\\/iscrizione\\\/vantaggi-delliscrizione\\\/\",\"url\":\"https:\\\/\\\/aicolympic.org\\\/iscrizione\\\/vantaggi-delliscrizione\\\/\",\"name\":\"Vantaggi dell'iscrizione - AICO\",\"isPartOf\":{\"@id\":\"https:\\\/\\\/aicolympic.org\\\/#website\"},\"datePublished\":\"2015-08-27T05:00:56+00:00\",\"breadcrumb\":{\"@id\":\"https:\\\/\\\/aicolympic.org\\\/iscrizione\\\/vantaggi-delliscrizione\\\/#breadcrumb\"},\"inLanguage\":\"it-IT\",\"potentialAction\":[{\"@type\":\"ReadAction\",\"target\":[\"https:\\\/\\\/aicolympic.org\\\/iscrizione\\\/vantaggi-delliscrizione\\\/\"]}]},{\"@type\":\"BreadcrumbList\",\"@id\":\"https:\\\/\\\/aicolympic.org\\\/iscrizione\\\/vantaggi-delliscrizione\\\/#breadcrumb\",\"itemListElement\":[{\"@type\":\"ListItem\",\"position\":1,\"name\":\"Home\",\"item\":\"https:\\\/\\\/aicolympic.org\\\/it\\\/\"},{\"@type\":\"ListItem\",\"position\":2,\"name\":\"Iscrizione\",\"item\":\"https:\\\/\\\/aicolympic.org\\\/it\\\/iscrizione\\\/\"},{\"@type\":\"ListItem\",\"position\":3,\"name\":\"Vantaggi dell&#8217;iscrizione\"}]},{\"@type\":\"WebSite\",\"@id\":\"https:\\\/\\\/aicolympic.org\\\/#website\",\"url\":\"https:\\\/\\\/aicolympic.org\\\/\",\"name\":\"AICO\",\"description\":\"\",\"potentialAction\":[{\"@type\":\"SearchAction\",\"target\":{\"@type\":\"EntryPoint\",\"urlTemplate\":\"https:\\\/\\\/aicolympic.org\\\/?s={search_term_string}\"},\"query-input\":{\"@type\":\"PropertyValueSpecification\",\"valueRequired\":true,\"valueName\":\"search_term_string\"}}],\"inLanguage\":\"it-IT\"}]}<\/script>\n<!-- \/ Yoast SEO plugin. -->","yoast_head_json":{"title":"Vantaggi dell'iscrizione - AICO","robots":{"index":"index","follow":"follow","max-snippet":"max-snippet:-1","max-image-preview":"max-image-preview:large","max-video-preview":"max-video-preview:-1"},"canonical":"https:\/\/aicolympic.org\/iscrizione\/vantaggi-delliscrizione\/","og_locale":"it_IT","og_type":"article","og_title":"Vantaggi dell'iscrizione - AICO","og_description":"AICO AIUTA IL TUO CLUB A ESPANDERE LE PROPRIE OPPORTUNIT\u00c0 ALL&#8217;INTERNO DELLA COMUNIT\u00c0 DEL COLLEZIONISMO OLIMPICO L&#8217;AICO \u00e8 un&#8217;associazione di club di collezionisti olimpici che beneficiano del suo status di Organizzazione Riconosciuta dal Comitato Olimpico Internazionale&gt;. Cosa significa questo per i club di raccolta che si uniscono al team AICO? Aumento della statura nella comunit\u00e0 [&hellip;]","og_url":"https:\/\/aicolympic.org\/iscrizione\/vantaggi-delliscrizione\/","og_site_name":"AICO","twitter_card":"summary_large_image","twitter_misc":{"Tempo di lettura stimato":"2 minuti"},"schema":{"@context":"https:\/\/schema.org","@graph":[{"@type":"WebPage","@id":"https:\/\/aicolympic.org\/iscrizione\/vantaggi-delliscrizione\/","url":"https:\/\/aicolympic.org\/iscrizione\/vantaggi-delliscrizione\/","name":"Vantaggi dell'iscrizione - AICO","isPartOf":{"@id":"https:\/\/aicolympic.org\/#website"},"datePublished":"2015-08-27T05:00:56+00:00","breadcrumb":{"@id":"https:\/\/aicolympic.org\/iscrizione\/vantaggi-delliscrizione\/#breadcrumb"},"inLanguage":"it-IT","potentialAction":[{"@type":"ReadAction","target":["https:\/\/aicolympic.org\/iscrizione\/vantaggi-delliscrizione\/"]}]},{"@type":"BreadcrumbList","@id":"https:\/\/aicolympic.org\/iscrizione\/vantaggi-delliscrizione\/#breadcrumb","itemListElement":[{"@type":"ListItem","position":1,"name":"Home","item":"https:\/\/aicolympic.org\/it\/"},{"@type":"ListItem","position":2,"name":"Iscrizione","item":"https:\/\/aicolympic.org\/it\/iscrizione\/"},{"@type":"ListItem","position":3,"name":"Vantaggi dell&#8217;iscrizione"}]},{"@type":"WebSite","@id":"https:\/\/aicolympic.org\/#website","url":"https:\/\/aicolympic.org\/","name":"AICO","description":"","potentialAction":[{"@type":"SearchAction","target":{"@type":"EntryPoint","urlTemplate":"https:\/\/aicolympic.org\/?s={search_term_string}"},"query-input":{"@type":"PropertyValueSpecification","valueRequired":true,"valueName":"search_term_string"}}],"inLanguage":"it-IT"}]}},"_links":{"self":[{"href":"https:\/\/aicolympic.org\/it\/wp-json\/wp\/v2\/pages\/53444","targetHints":{"allow":["GET"]}}],"collection":[{"href":"https:\/\/aicolympic.org\/it\/wp-json\/wp\/v2\/pages"}],"about":[{"href":"https:\/\/aicolympic.org\/it\/wp-json\/wp\/v2\/types\/page"}],"author":[{"embeddable":true,"href":"https:\/\/aicolympic.org\/it\/wp-json\/wp\/v2\/users\/8"}],"replies":[{"embeddable":true,"href":"https:\/\/aicolympic.org\/it\/wp-json\/wp\/v2\/comments?post=53444"}],"version-history":[{"count":0,"href":"https:\/\/aicolympic.org\/it\/wp-json\/wp\/v2\/pages\/53444\/revisions"}],"up":[{"embeddable":true,"href":"https:\/\/aicolympic.org\/it\/wp-json\/wp\/v2\/pages\/53424"}],"wp:attachment":[{"href":"https:\/\/aicolympic.org\/it\/wp-json\/wp\/v2\/media?parent=53444"}],"curies":[{"name":"wp","href":"https:\/\/api.w.org\/{rel}","templated":true}]}}